{"id":380,"date":"2016-03-08T10:29:27","date_gmt":"2016-03-08T10:29:27","guid":{"rendered":"http:\/\/demowp.cththemes.net\/monolit\/?page_id=380"},"modified":"2024-10-14T11:07:47","modified_gmt":"2024-10-14T09:07:47","slug":"home-slideshow","status":"publish","type":"page","link":"http:\/\/mottonestates.com\/","title":{"rendered":"Motton Estates"},"content":{"rendered":"<div class=\"wpb-content-wrapper\"><p>[vc_row full_width=&#8221;stretch_row&#8221; cth_layout=&#8221;monolit_fullheight_sec&#8221;][vc_column css=&#8221;.vc_custom_1455730804223{padding-right: 0px !important;padding-left: 0px !important;}&#8221;][monolit_home_slideshow slideimgs=&#8221;561,562&#8243;]<\/p>\n<h2>Motton Estates<\/h2>\n<h3>the way of living<\/h3>\n<p>[\/monolit_home_slideshow][\/vc_column][\/vc_row][vc_row cth_layout=&#8221;monolit_page_sec&#8221; sec_number=&#8221;01&#8243; el_id=&#8221;sec1&#8243;][vc_column offset=&#8221;vc_col-md-4&#8243;][monolit_carousel_slider_multiimgs slideimages=&#8221;677,654,623,637&#8243;][\/vc_column][vc_column offset=&#8221;vc_col-md-8&#8243;][vc_column_text css=&#8221;&#8221;]<\/p>\n<h2 class=\"section-title\"><strong>O nas<\/strong><\/h2>\n<p class=\"no-rep\">Ju\u017c od 16 lat MOTTON ESTATES spe\u0142nia marzenia klient\u00f3w, chc\u0105cych zamieszka\u0107 w bliskim s\u0105siedztwie Warszawy jednak z dala od jej miejskiego zgie\u0142ku. Lesznowola to miejsce b\u0119d\u0105ce po\u0142\u0105czeniem \u015bwietnej komunikacji ze stolic\u0105 oraz teren\u00f3w zielonych, w kt\u00f3rym mieszka\u0144cy mog\u0105 realizowa\u0107 swoje pasje. Wok\u00f3\u0142 osiedla znajduj\u0105 si\u0119 liczne o\u015brodki je\u017adzieckie, kluby sportowe i korty tenisowe. Lasy i tereny zielone sprawiaj\u0105 natomiast, \u017ce w okolicy jest gdzie spacerowa\u0107, biega\u0107 i je\u017adzi\u0107 na rowerze.<\/p>\n<p>Nasza historia zacz\u0119\u0142a si\u0119 jednak du\u017co wcze\u015bniej. Od 1998 roku zdobywali\u015bmy do\u015bwiadczenie na rynku w Wielkiej Brytanii, gdzie zrealizowali\u015bmy ponad 120 projekt\u00f3w w najbardziej presti\u017cowych cz\u0119\u015bciach Londynu.[\/vc_column_text][\/vc_column][\/vc_row][vc_row cth_layout=&#8221;monolit_page_dark_sec&#8221; parallax_inner_op=&#8221;0.8&#8243; sec_number=&#8221;02&#8243; sec_number_pos=&#8221;left&#8221; parallax_inner=&#8221;10&#8243;][vc_column][vc_row_inner][vc_column_inner offset=&#8221;vc_col-md-4&#8243;][vc_column_text]<\/p>\n<h2 class=\"section-title\">Kilka interesuj\u0105cych<strong> Fakt\u00f3w<\/strong><\/h2>\n<p>[\/vc_column_text][\/vc_column_inner][vc_column_inner offset=&#8221;vc_col-md-8&#8243;][vc_column_text]<\/p>\n<p class=\"no-rep\">Wszystkie nasze projekty wyr\u00f3\u017cniaj\u0105 si\u0119 funkcjonalno\u015bci\u0105 oraz oryginaln\u0105 architektur\u0105. Tworzymy je z wykorzystaniem wysokiej jako\u015bci materia\u0142\u00f3w oraz dba\u0142o\u015bci\u0105 o detale architektoniczne. To w po\u0142\u0105czeniu z wieloletnim do\u015bwiadczeniem jest najlepszym potwierdzeniem warto\u015bci, kt\u00f3re nas charakteryzuj\u0105, a grono naszych zadowolonych klient\u00f3w stale si\u0119 powi\u0119ksza.<\/p>\n<p>[\/vc_column_text][vc_column_text]<\/p>\n<p class=\"no-rep\">Nasze inwestycje wyr\u00f3\u017cnia troska o \u015brodowisko naturalne. Opr\u00f3cz zieleni otaczaj\u0105cej budynki wykorzystujemy m.in.<\/p>\n<p>[\/vc_column_text][\/vc_column_inner][\/vc_row_inner][vc_row_inner][vc_column_inner width=&#8221;1\/3&#8243;][\/vc_column_inner][vc_column_inner width=&#8221;1\/4&#8243;][vc_single_image image=&#8221;745&#8243; img_size=&#8221;full&#8221; alignment=&#8221;right&#8221;][\/vc_column_inner][vc_column_inner width=&#8221;1\/3&#8243; css=&#8221;.vc_custom_1634899375554{padding-top: 5% !important;}&#8221;][vc_column_text]<\/p>\n<p class=\"no-rep\">instalacje ponownego wykorzystania wody szarej<\/p>\n<p>[\/vc_column_text][\/vc_column_inner][\/vc_row_inner][vc_row_inner css=&#8221;.vc_custom_1634899515755{margin-top: 3% !important;}&#8221;][vc_column_inner width=&#8221;1\/3&#8243;][\/vc_column_inner][vc_column_inner width=&#8221;1\/4&#8243;][vc_single_image image=&#8221;747&#8243; img_size=&#8221;full&#8221; alignment=&#8221;right&#8221;][\/vc_column_inner][vc_column_inner width=&#8221;1\/3&#8243; css=&#8221;.vc_custom_1634899375554{padding-top: 5% !important;}&#8221;][vc_column_text]<\/p>\n<p class=\"no-rep\">pompy ciep\u0142a z niskotemperaturowy ogrzewaniem pod\u0142ogowym<\/p>\n<p>[\/vc_column_text][\/vc_column_inner][\/vc_row_inner][vc_row_inner css=&#8221;.vc_custom_1634899521829{margin-top: 3% !important;}&#8221;][vc_column_inner width=&#8221;1\/3&#8243;][\/vc_column_inner][vc_column_inner width=&#8221;1\/4&#8243;][vc_single_image image=&#8221;746&#8243; img_size=&#8221;full&#8221; alignment=&#8221;right&#8221;][\/vc_column_inner][vc_column_inner width=&#8221;1\/3&#8243; css=&#8221;.vc_custom_1634899375554{padding-top: 5% !important;}&#8221;][vc_column_text]<\/p>\n<p class=\"no-rep\">zbiorniki retencyjne w\u00f3d opadowych<\/p>\n<p>[\/vc_column_text][\/vc_column_inner][\/vc_row_inner][vc_row_inner css=&#8221;.vc_custom_1634899526272{margin-top: 3% !important;}&#8221;][vc_column_inner width=&#8221;1\/3&#8243;][\/vc_column_inner][vc_column_inner width=&#8221;1\/4&#8243;][vc_single_image image=&#8221;748&#8243; img_size=&#8221;full&#8221; alignment=&#8221;right&#8221;][\/vc_column_inner][vc_column_inner width=&#8221;1\/3&#8243; css=&#8221;.vc_custom_1634899375554{padding-top: 5% !important;}&#8221;][vc_column_text]<\/p>\n<p class=\"no-rep\">instalacje fotowoltaiczne<\/p>\n<p>[\/vc_column_text][\/vc_column_inner][\/vc_row_inner][\/vc_column][\/vc_row][vc_row cth_layout=&#8221;monolit_page_sec&#8221; sec_number=&#8221;03&#8243;][vc_column][vc_column_text]<\/p>\n<h2 class=\"section-title algn-right dec-title\">Zrealizowane inwestycje<\/h2>\n<p>[\/vc_column_text][monolit_portfolios_parallax order_by=&#8221;ID&#8221; order=&#8221;DESC&#8221; first_side=&#8221;right&#8221; show_date=&#8221;no&#8221; view_all_link=&#8221;&#8221; ids=&#8221;55,61,60,293,&#8221;][vc_column_text]<\/p>\n<h2 class=\"section-title algn-right dec-title\">Inwestycje w realizacji<\/h2>\n<p>[\/vc_column_text][monolit_portfolios_parallax order_by=&#8221;ID&#8221; show_date=&#8221;no&#8221; view_all_link=&#8221;&#8221; ids=&#8221;707,62&#8243;][\/vc_column][\/vc_row]<\/p>\n<\/div>","protected":false},"excerpt":{"rendered":"<p>[vc_row full_width=&#8221;stretch_row&#8221; cth_layout=&#8221;monolit_fullheight_sec&#8221;][vc_column css=&#8221;.vc_custom_1455730804223{padding-right: 0px !important;padding-left: 0px !important;}&#8221;][monolit_home_slideshow slideimgs=&#8221;561,562&#8243;] Motton Estates the way of living [\/monolit_home_slideshow][\/vc_column][\/vc_row][vc_row cth_layout=&#8221;monolit_page_sec&#8221; sec_number=&#8221;01&#8243; el_id=&#8221;sec1&#8243;][vc_column offset=&#8221;vc_col-md-4&#8243;][monolit_carousel_slider_multiimgs slideimages=&#8221;677,654,623,637&#8243;][\/vc_column][vc_column offset=&#8221;vc_col-md-8&#8243;][vc_column_text css=&#8221;&#8221;] O nas Ju\u017c od 16 lat MOTTON ESTATES spe\u0142nia marzenia klient\u00f3w, chc\u0105cych zamieszka\u0107 w bliskim s\u0105siedztwie Warszawy jednak z dala od jej miejskiego zgie\u0142ku. Lesznowola to miejsce b\u0119d\u0105ce po\u0142\u0105czeniem \u015bwietnej komunikacji ze [&hellip;]<\/p>\n","protected":false},"author":1,"featured_media":0,"parent":0,"menu_order":0,"comment_status":"closed","ping_status":"closed","template":"homepage.php","meta":{"inline_featured_image":false,"_monsterinsights_skip_tracking":false,"_monsterinsights_sitenote_active":false,"_monsterinsights_sitenote_note":"","_monsterinsights_sitenote_category":0,"footnotes":""},"class_list":["post-380","page","type-page","status-publish","hentry"],"aioseo_notices":[],"_links":{"self":[{"href":"http:\/\/mottonestates.com\/index.php?rest_route=\/wp\/v2\/pages\/380","targetHints":{"allow":["GET"]}}],"collection":[{"href":"http:\/\/mottonestates.com\/index.php?rest_route=\/wp\/v2\/pages"}],"about":[{"href":"http:\/\/mottonestates.com\/index.php?rest_route=\/wp\/v2\/types\/page"}],"author":[{"embeddable":true,"href":"http:\/\/mottonestates.com\/index.php?rest_route=\/wp\/v2\/users\/1"}],"replies":[{"embeddable":true,"href":"http:\/\/mottonestates.com\/index.php?rest_route=%2Fwp%2Fv2%2Fcomments&post=380"}],"version-history":[{"count":27,"href":"http:\/\/mottonestates.com\/index.php?rest_route=\/wp\/v2\/pages\/380\/revisions"}],"predecessor-version":[{"id":762,"href":"http:\/\/mottonestates.com\/index.php?rest_route=\/wp\/v2\/pages\/380\/revisions\/762"}],"wp:attachment":[{"href":"http:\/\/mottonestates.com\/index.php?rest_route=%2Fwp%2Fv2%2Fmedia&parent=380"}],"curies":[{"name":"wp","href":"https:\/\/api.w.org\/{rel}","templated":true}]}}